{"id":113,"date":"2025-12-17T15:37:45","date_gmt":"2025-12-17T14:37:45","guid":{"rendered":"https:\/\/imob.es\/antenistas\/?page_id=113"},"modified":"2025-12-17T15:55:29","modified_gmt":"2025-12-17T14:55:29","slug":"antenistas-en-toledo","status":"publish","type":"page","link":"https:\/\/imob.es\/antenistas\/reparaciones\/antenistas-en-toledo\/","title":{"rendered":"Antenistas en Toledo"},"content":{"rendered":"<p style=\"text-align: center\">Si buscas Antenistas en Toledo con experiencia no dudes en ponerte en contacto con nosotros, mejor precio para la instalaci\u00f3n o reparaci\u00f3n de antenas de TDT.<\/p>\n<p><img loading=\"lazy\" decoding=\"async\" class=\"size-medium wp-image-120 aligncenter\" src=\"https:\/\/imob.es\/antenistas\/wp-content\/uploads\/sites\/5\/2025\/12\/Antenistas-en-Toledo-300x224.jpg\" alt=\"\" width=\"300\" height=\"224\" \/><\/p>\n<p style=\"text-align: left\">Los servicios:<\/p>\n<ol>\n<li>Instalaci\u00f3n de antena TDT<\/li>\n<li>Orientaci\u00f3n de antena Tv<\/li>\n<li>Reparaci\u00f3n de antenas digital terrestre<\/li>\n<li>Tomas de TV terrestre \/ Sat\u00e9lite<\/li>\n<li>Orientaci\u00f3n antena parab\u00f3lica Astra 19,2<\/li>\n<\/ol>\n<p style=\"text-align: center\">Tenemos toda la herramienta necesaria para averiguar cada aver\u00eda lo antes posible con toda la experiencia acumulada en los \u00faltimos 15 a\u00f1os de trabajando duro.<\/p>\n<p style=\"text-align: center\">Instalamos antenas parab\u00f3lica Digi TV, Orange TV, FocussSat TV para ver los canales libres de Ruman\u00eda y otros pa\u00edses que necesitas, para los canales de Ruman\u00eda nosotros solo instalamos parab\u00f3lica al sat\u00e9lite que necesita.<\/p>\n<p style=\"text-align: center\"><b>Pulsar<\/b><strong>:\u00a0<\/strong><a href=\"tel:+34666816641\"><strong>666816641<\/strong><\/a><\/p>\n","protected":false},"excerpt":{"rendered":"<p>Si buscas Antenistas en Toledo con experiencia no dudes en ponerte en contacto con nosotros, mejor precio para la instalaci\u00f3n [&hellip;]<\/p>\n","protected":false},"author":4,"featured_media":0,"parent":109,"menu_order":0,"comment_status":"closed","ping_status":"closed","template":"","meta":{"bgseo_title":"","bgseo_description":"","bgseo_robots_index":"","bgseo_robots_follow":"","site-sidebar-layout":"default","site-content-layout":"","ast-site-content-layout":"default","site-content-style":"default","site-sidebar-style":"default","ast-global-header-display":"","ast-banner-title-visibility":"","ast-main-header-display":"","ast-hfb-above-header-display":"","ast-hfb-below-header-display":"","ast-hfb-mobile-header-display":"","site-post-title":"","ast-breadcrumbs-content":"","ast-featured-img":"","footer-sml-layout":"","ast-disable-related-posts":"","theme-transparent-header-meta":"","adv-header-id-meta":"","stick-header-meta":"","header-above-stick-meta":"","header-main-stick-meta":"","header-below-stick-meta":"","astra-migrate-meta-layouts":"default","ast-page-background-enabled":"default","ast-page-background-meta":{"desktop":{"background-color":"var(--ast-global-color-5)","background-image":"","background-repeat":"repeat","background-position":"center center","background-size":"auto","background-attachment":"scroll","background-type":"","background-media":"","overlay-type":"","overlay-color":"","overlay-opacity":"","overlay-gradient":""},"tablet":{"background-color":"","background-image":"","background-repeat":"repeat","background-position":"center center","background-size":"auto","background-attachment":"scroll","background-type":"","background-media":"","overlay-type":"","overlay-color":"","overlay-opacity":"","overlay-gradient":""},"mobile":{"background-color":"","background-image":"","background-repeat":"repeat","background-position":"center center","background-size":"auto","background-attachment":"scroll","background-type":"","background-media":"","overlay-type":"","overlay-color":"","overlay-opacity":"","overlay-gradient":""}},"ast-content-background-meta":{"desktop":{"background-color":"var(--ast-global-color-4)","background-image":"","background-repeat":"repeat","background-position":"center center","background-size":"auto","background-attachment":"scroll","background-type":"","background-media":"","overlay-type":"","overlay-color":"","overlay-opacity":"","overlay-gradient":""},"tablet":{"background-color":"var(--ast-global-color-4)","background-image":"","background-repeat":"repeat","background-position":"center center","background-size":"auto","background-attachment":"scroll","background-type":"","background-media":"","overlay-type":"","overlay-color":"","overlay-opacity":"","overlay-gradient":""},"mobile":{"background-color":"var(--ast-global-color-4)","background-image":"","background-repeat":"repeat","background-position":"center center","background-size":"auto","background-attachment":"scroll","background-type":"","background-media":"","overlay-type":"","overlay-color":"","overlay-opacity":"","overlay-gradient":""}},"footnotes":""},"class_list":["post-113","page","type-page","status-publish","hentry"],"_links":{"self":[{"href":"https:\/\/imob.es\/antenistas\/wp-json\/wp\/v2\/pages\/113","targetHints":{"allow":["GET"]}}],"collection":[{"href":"https:\/\/imob.es\/antenistas\/wp-json\/wp\/v2\/pages"}],"about":[{"href":"https:\/\/imob.es\/antenistas\/wp-json\/wp\/v2\/types\/page"}],"author":[{"embeddable":true,"href":"https:\/\/imob.es\/antenistas\/wp-json\/wp\/v2\/users\/4"}],"replies":[{"embeddable":true,"href":"https:\/\/imob.es\/antenistas\/wp-json\/wp\/v2\/comments?post=113"}],"version-history":[{"count":0,"href":"https:\/\/imob.es\/antenistas\/wp-json\/wp\/v2\/pages\/113\/revisions"}],"up":[{"embeddable":true,"href":"https:\/\/imob.es\/antenistas\/wp-json\/wp\/v2\/pages\/109"}],"wp:attachment":[{"href":"https:\/\/imob.es\/antenistas\/wp-json\/wp\/v2\/media?parent=113"}],"curies":[{"name":"wp","href":"https:\/\/api.w.org\/{rel}","templated":true}]}}