{"id":5,"date":"2025-12-07T18:26:33","date_gmt":"2025-12-07T17:26:33","guid":{"rendered":"https:\/\/imob.es\/antenistas\/?page_id=5"},"modified":"2025-12-11T08:38:43","modified_gmt":"2025-12-11T07:38:43","slug":"antenistas","status":"publish","type":"page","link":"https:\/\/imob.es\/antenistas\/","title":{"rendered":"ANTENISTAS"},"content":{"rendered":"<h1 style=\"text-align: center\">Antenistas Baratos<\/h1>\n<p>Encuentra <strong>antenistas baratos<\/strong> que realizan servicios de instalaci\u00f3n de antenas, reparaci\u00f3n de antenas, orientaci\u00f3n de antenas parab\u00f3licas para todos los sat\u00e9lites con cobertura en Espa\u00f1a.<\/p>\n<p><img loading=\"lazy\" decoding=\"async\" class=\"aligncenter wp-image-6 size-medium\" title=\"Antenistas Baratos\" src=\"https:\/\/imob.es\/antenistas\/wp-content\/uploads\/sites\/5\/2025\/12\/Antenistas-Baratos-300x170.jpg\" alt=\"\" width=\"300\" height=\"170\" \/><\/p>\n<h2 style=\"text-align: center\">Reparaci\u00f3n Antena Tv<\/h2>\n<p style=\"text-align: center\">Si tienes <strong>problema con la se\u00f1al<\/strong> de la antena <strong>TV<\/strong> y te aparecen en la televisi\u00f3n<strong> sin se\u00f1al<\/strong> no dudes en ponerte en contacto con nosotros para resolver lo antes posible la dicha aver\u00eda en menos de lo que te esperas. Somos personal altamente calificado y tenemos la herramienta necesaria para averiguar lo antes posible de donde proviene el fallo que impide que llegue el se\u00f1al en su televisi\u00f3n.<\/p>\n<h3 style=\"text-align: center\">Orientaci\u00f3n Antenas TV<\/h3>\n<p style=\"text-align: center\">Entre los nuestros servicios encontraras igualmente el servicio de <strong>orientaci\u00f3n antena parab\u00f3lica<\/strong> y antenas de <strong>TDT<\/strong> terrestre a bajo precio sin cobrar desplazamiento o visita.<\/p>\n<p style=\"text-align: center\"><b>Pulsar<\/b><strong>:\u00a0<\/strong><a href=\"tel:+34666816641\"><strong>666816641<\/strong><\/a><\/p>\n","protected":false},"excerpt":{"rendered":"<p>Antenistas Baratos Encuentra antenistas baratos que realizan servicios de instalaci\u00f3n de antenas, reparaci\u00f3n de antenas, orientaci\u00f3n de antenas parab\u00f3licas para [&hellip;]<\/p>\n","protected":false},"author":4,"featured_media":0,"parent":0,"menu_order":0,"comment_status":"closed","ping_status":"closed","template":"","meta":{"bgseo_title":"","bgseo_description":"","bgseo_robots_index":"","bgseo_robots_follow":"","site-sidebar-layout":"default","site-content-layout":"","ast-site-content-layout":"default","site-content-style":"default","site-sidebar-style":"default","ast-global-header-display":"","ast-banner-title-visibility":"","ast-main-header-display":"","ast-hfb-above-header-display":"","ast-hfb-below-header-display":"","ast-hfb-mobile-header-display":"","site-post-title":"","ast-breadcrumbs-content":"","ast-featured-img":"","footer-sml-layout":"","ast-disable-related-posts":"","theme-transparent-header-meta":"","adv-header-id-meta":"","stick-header-meta":"","header-above-stick-meta":"","header-main-stick-meta":"","header-below-stick-meta":"","astra-migrate-meta-layouts":"default","ast-page-background-enabled":"default","ast-page-background-meta":{"desktop":{"background-color":"var(--ast-global-color-5)","background-image":"","background-repeat":"repeat","background-position":"center center","background-size":"auto","background-attachment":"scroll","background-type":"","background-media":"","overlay-type":"","overlay-color":"","overlay-opacity":"","overlay-gradient":""},"tablet":{"background-color":"","background-image":"","background-repeat":"repeat","background-position":"center center","background-size":"auto","background-attachment":"scroll","background-type":"","background-media":"","overlay-type":"","overlay-color":"","overlay-opacity":"","overlay-gradient":""},"mobile":{"background-color":"","background-image":"","background-repeat":"repeat","background-position":"center center","background-size":"auto","background-attachment":"scroll","background-type":"","background-media":"","overlay-type":"","overlay-color":"","overlay-opacity":"","overlay-gradient":""}},"ast-content-background-meta":{"desktop":{"background-color":"var(--ast-global-color-4)","background-image":"","background-repeat":"repeat","background-position":"center center","background-size":"auto","background-attachment":"scroll","background-type":"","background-media":"","overlay-type":"","overlay-color":"","overlay-opacity":"","overlay-gradient":""},"tablet":{"background-color":"var(--ast-global-color-4)","background-image":"","background-repeat":"repeat","background-position":"center center","background-size":"auto","background-attachment":"scroll","background-type":"","background-media":"","overlay-type":"","overlay-color":"","overlay-opacity":"","overlay-gradient":""},"mobile":{"background-color":"var(--ast-global-color-4)","background-image":"","background-repeat":"repeat","background-position":"center center","background-size":"auto","background-attachment":"scroll","background-type":"","background-media":"","overlay-type":"","overlay-color":"","overlay-opacity":"","overlay-gradient":""}},"footnotes":""},"class_list":["post-5","page","type-page","status-publish","hentry"],"_links":{"self":[{"href":"https:\/\/imob.es\/antenistas\/wp-json\/wp\/v2\/pages\/5","targetHints":{"allow":["GET"]}}],"collection":[{"href":"https:\/\/imob.es\/antenistas\/wp-json\/wp\/v2\/pages"}],"about":[{"href":"https:\/\/imob.es\/antenistas\/wp-json\/wp\/v2\/types\/page"}],"author":[{"embeddable":true,"href":"https:\/\/imob.es\/antenistas\/wp-json\/wp\/v2\/users\/4"}],"replies":[{"embeddable":true,"href":"https:\/\/imob.es\/antenistas\/wp-json\/wp\/v2\/comments?post=5"}],"version-history":[{"count":0,"href":"https:\/\/imob.es\/antenistas\/wp-json\/wp\/v2\/pages\/5\/revisions"}],"wp:attachment":[{"href":"https:\/\/imob.es\/antenistas\/wp-json\/wp\/v2\/media?parent=5"}],"curies":[{"name":"wp","href":"https:\/\/api.w.org\/{rel}","templated":true}]}}